{"id":2,"date":"2023-02-22T05:46:24","date_gmt":"2023-02-22T04:46:24","guid":{"rendered":"http:\/\/carigradskidrum.com\/?page_id=2"},"modified":"2023-10-20T20:34:34","modified_gmt":"2023-10-20T18:34:34","slug":"beispiel-seite","status":"publish","type":"page","link":"https:\/\/carigradskidrum.com\/sr\/beispiel-seite\/","title":{"rendered":"O nama"},"content":{"rendered":"<div data-elementor-type=\"wp-page\" data-elementor-id=\"2\" class=\"elementor elementor-2\" data-elementor-post-type=\"page\">\n\t\t\t\t<div class=\"elementor-element elementor-element-6d7df4d5 e-flex e-con-boxed e-con e-parent\" data-id=\"6d7df4d5\" data-element_type=\"container\" data-settings=\"{&quot;content_width&quot;:&quot;boxed&quot;}\" data-core-v316-plus=\"true\">\n\t\t\t\t\t<div class=\"e-con-inner\">\n\t\t\t\t<div class=\"elementor-element elementor-element-39cd7523 elementor-widget elementor-widget-text-editor\" data-id=\"39cd7523\" data-element_type=\"widget\" data-widget_type=\"text-editor.default\">\n\t\t\t\t<div class=\"elementor-widget-container\">\n\t\t\t\t\t\t\t<h4><span data-contrast=\"none\">Dobrodo\u0161li na platformu \"<\/span><b><span data-contrast=\"none\">CARIGRADSKI DRUM\"<\/span><\/b><span data-contrast=\"none\">koja povezuje i umre\u017eava klijente i firme iz Austrije i prostora Balkana i omogu\u0107uje ljudima da jednostavno, brzo i lako prona\u0111u stru\u010dne i pouzdane radove i usluge, kao i robu i proizvode koje im svakodnevno trebaju.<\/span><span data-ccp-props=\"{&quot;201341983&quot;:0,&quot;335551550&quot;:0,&quot;335551620&quot;:0,&quot;335559739&quot;:160,&quot;335559740&quot;:259}\">\u00a0<\/span><\/h4>\n<p>\u00a0<\/p>\n<h4><span data-contrast=\"none\">Na na\u0161oj platformi mo\u017eete prona\u0107i izvo\u0111a\u010de svih vrsta radova i usluga, nekretnine s mnogo zanimljivih ponuda, najkvalitetnije klinike iz oblasti zdravstva, najbolje zubne ordinacije, kozmeti\u010dke salone, auto prevoznike i auto placeve, kao i \u0161irok asortiman proizvoda. Jednostavno re\u010deno,<\/span><b><span data-contrast=\"none\">\u00a0ZA NEKOGA SVE, ZA SVAKOG PO NESTO.<\/span><\/b><span data-ccp-props=\"{&quot;134233117&quot;:false,&quot;134233118&quot;:false,&quot;201341983&quot;:0,&quot;335551550&quot;:1,&quot;335551620&quot;:1,&quot;335559685&quot;:0,&quot;335559737&quot;:0,&quot;335559738&quot;:0,&quot;335559739&quot;:160,&quot;335559740&quot;:259}\">\u00a0<\/span><\/h4>\n<h4>\u00a0<\/h4>\n<h4><span style=\"color: #ff0000;\"><b>Sa \"Carigradski Drum\" karticom ostvarujete popuste od 3% do 20% kod mnogih firmi na ovoj platformi.<\/b><\/span><span data-contrast=\"none\"><span style=\"color: #ff0000;\">\u00a0<\/span>(firme koje odobravaju popuste bi\u0107e vidljivo ozna\u010dene)<\/span><\/h4>\n<h4><b><span data-contrast=\"none\">PRIDRUZITE NAM SE VEC DANAS I OTKRIJTE SVE PREDNOSTI PLATFORME \u201cCARIGRADSKI DRUM\u201d.<\/span><\/b>\u00a0<\/h4>\n<h4><br \/><span data-contrast=\"none\">Kontakt telefon: +43 667 762 676 0<\/span><\/h4>\t\t\t\t\t\t<\/div>\n\t\t\t\t<\/div>\n\t\t\t\t\t<\/div>\n\t\t\t\t<\/div>\n\t\t\t\t<\/div>","protected":false},"excerpt":{"rendered":"<p>Willkommen auf der Plattform \u201eCarigradski Drum\u201e, die Kunden und Unternehmen aus \u00d6sterreich und dem Balkanraum verbindet und vernetzt und es den Menschen erm\u00f6glicht, schnell und einfach fachkundige und zuverl\u00e4ssige Dienstleistungen sowie Waren und Produkte zu finden, die sie im Alltag ben\u00f6tigen.\u00a0 \u00a0 Auf unserer Plattform finden Sie Anbieter aller Arten von Dienstleistungen, Immobilien mit vielen [&hellip;]<\/p>","protected":false},"author":1,"featured_media":0,"parent":0,"menu_order":0,"comment_status":"closed","ping_status":"open","template":"","meta":{"footnotes":""},"class_list":["post-2","page","type-page","status-publish","hentry"],"_links":{"self":[{"href":"https:\/\/carigradskidrum.com\/sr\/wp-json\/wp\/v2\/pages\/2","targetHints":{"allow":["GET"]}}],"collection":[{"href":"https:\/\/carigradskidrum.com\/sr\/wp-json\/wp\/v2\/pages"}],"about":[{"href":"https:\/\/carigradskidrum.com\/sr\/wp-json\/wp\/v2\/types\/page"}],"author":[{"embeddable":true,"href":"https:\/\/carigradskidrum.com\/sr\/wp-json\/wp\/v2\/users\/1"}],"replies":[{"embeddable":true,"href":"https:\/\/carigradskidrum.com\/sr\/wp-json\/wp\/v2\/comments?post=2"}],"version-history":[{"count":8,"href":"https:\/\/carigradskidrum.com\/sr\/wp-json\/wp\/v2\/pages\/2\/revisions"}],"predecessor-version":[{"id":2404,"href":"https:\/\/carigradskidrum.com\/sr\/wp-json\/wp\/v2\/pages\/2\/revisions\/2404"}],"wp:attachment":[{"href":"https:\/\/carigradskidrum.com\/sr\/wp-json\/wp\/v2\/media?parent=2"}],"curies":[{"name":"wp","href":"https:\/\/api.w.org\/{rel}","templated":true}]}}